{"id":101,"date":"2022-10-06T17:27:35","date_gmt":"2022-10-06T17:27:35","guid":{"rendered":"https:\/\/www.artbrutpraha.cz\/?page_id=101"},"modified":"2026-04-26T21:29:06","modified_gmt":"2026-04-26T21:29:06","slug":"101-2","status":"publish","type":"page","link":"https:\/\/www.artbrutpraha.cz\/?page_id=101&lang=en","title":{"rendered":"Gallery Art brut Prague"},"content":{"rendered":"\n<div id=\"wp-block-themeisle-blocks-advanced-columns-18671630\" class=\"wp-block-themeisle-blocks-advanced-columns has-1-columns has-desktop-equal-layout has-tablet-equal-layout has-mobile-equal-layout has-vertical-unset\"><div class=\"wp-block-themeisle-blocks-advanced-columns-overlay\"><\/div><div class=\"innerblocks-wrap\">\n<div id=\"wp-block-themeisle-blocks-advanced-column-344f6e7d\" class=\"wp-block-themeisle-blocks-advanced-column\">\n<ul class=\"wp-block-social-links is-style-logos-only is-content-justification-center is-layout-flex wp-container-core-social-links-is-layout-16018d1d wp-block-social-links-is-layout-flex\"><li class=\"wp-social-link wp-social-link-facebook  wp-block-social-link\"><a href=\"https:\/\/www.facebook.com\/profile.php?id=100085705694499\" class=\"wp-block-social-link-anchor\"><svg width=\"24\" height=\"24\" viewBox=\"0 0 24 24\" version=\"1.1\" xmlns=\"http:\/\/www.w3.org\/2000\/svg\" aria-hidden=\"true\" focusable=\"false\"><path d=\"M12 2C6.5 2 2 6.5 2 12c0 5 3.7 9.1 8.4 9.9v-7H7.9V12h2.5V9.8c0-2.5 1.5-3.9 3.8-3.9 1.1 0 2.2.2 2.2.2v2.5h-1.3c-1.2 0-1.6.8-1.6 1.6V12h2.8l-.4 2.9h-2.3v7C18.3 21.1 22 17 22 12c0-5.5-4.5-10-10-10z\"><\/path><\/svg><span class=\"wp-block-social-link-label screen-reader-text\">Facebook<\/span><\/a><\/li>\n\n<li class=\"wp-social-link wp-social-link-instagram  ticss-4e38ddf5 wp-block-social-link\"><a href=\"https:\/\/www.instagram.com\/art_brut_praha\/\" class=\"wp-block-social-link-anchor\"><svg width=\"24\" height=\"24\" viewBox=\"0 0 24 24\" version=\"1.1\" xmlns=\"http:\/\/www.w3.org\/2000\/svg\" aria-hidden=\"true\" focusable=\"false\"><path d=\"M12,4.622c2.403,0,2.688,0.009,3.637,0.052c0.877,0.04,1.354,0.187,1.671,0.31c0.42,0.163,0.72,0.358,1.035,0.673 c0.315,0.315,0.51,0.615,0.673,1.035c0.123,0.317,0.27,0.794,0.31,1.671c0.043,0.949,0.052,1.234,0.052,3.637 s-0.009,2.688-0.052,3.637c-0.04,0.877-0.187,1.354-0.31,1.671c-0.163,0.42-0.358,0.72-0.673,1.035 c-0.315,0.315-0.615,0.51-1.035,0.673c-0.317,0.123-0.794,0.27-1.671,0.31c-0.949,0.043-1.233,0.052-3.637,0.052 s-2.688-0.009-3.637-0.052c-0.877-0.04-1.354-0.187-1.671-0.31c-0.42-0.163-0.72-0.358-1.035-0.673 c-0.315-0.315-0.51-0.615-0.673-1.035c-0.123-0.317-0.27-0.794-0.31-1.671C4.631,14.688,4.622,14.403,4.622,12 s0.009-2.688,0.052-3.637c0.04-0.877,0.187-1.354,0.31-1.671c0.163-0.42,0.358-0.72,0.673-1.035 c0.315-0.315,0.615-0.51,1.035-0.673c0.317-0.123,0.794-0.27,1.671-0.31C9.312,4.631,9.597,4.622,12,4.622 M12,3 C9.556,3,9.249,3.01,8.289,3.054C7.331,3.098,6.677,3.25,6.105,3.472C5.513,3.702,5.011,4.01,4.511,4.511 c-0.5,0.5-0.808,1.002-1.038,1.594C3.25,6.677,3.098,7.331,3.054,8.289C3.01,9.249,3,9.556,3,12c0,2.444,0.01,2.751,0.054,3.711 c0.044,0.958,0.196,1.612,0.418,2.185c0.23,0.592,0.538,1.094,1.038,1.594c0.5,0.5,1.002,0.808,1.594,1.038 c0.572,0.222,1.227,0.375,2.185,0.418C9.249,20.99,9.556,21,12,21s2.751-0.01,3.711-0.054c0.958-0.044,1.612-0.196,2.185-0.418 c0.592-0.23,1.094-0.538,1.594-1.038c0.5-0.5,0.808-1.002,1.038-1.594c0.222-0.572,0.375-1.227,0.418-2.185 C20.99,14.751,21,14.444,21,12s-0.01-2.751-0.054-3.711c-0.044-0.958-0.196-1.612-0.418-2.185c-0.23-0.592-0.538-1.094-1.038-1.594 c-0.5-0.5-1.002-0.808-1.594-1.038c-0.572-0.222-1.227-0.375-2.185-0.418C14.751,3.01,14.444,3,12,3L12,3z M12,7.378 c-2.552,0-4.622,2.069-4.622,4.622S9.448,16.622,12,16.622s4.622-2.069,4.622-4.622S14.552,7.378,12,7.378z M12,15 c-1.657,0-3-1.343-3-3s1.343-3,3-3s3,1.343,3,3S13.657,15,12,15z M16.804,6.116c-0.596,0-1.08,0.484-1.08,1.08 s0.484,1.08,1.08,1.08c0.596,0,1.08-0.484,1.08-1.08S17.401,6.116,16.804,6.116z\"><\/path><\/svg><span class=\"wp-block-social-link-label screen-reader-text\">Instagram<\/span><\/a><\/li><\/ul>\n\n\n\n<div style=\"height:100px\" aria-hidden=\"true\" class=\"wp-block-spacer\"><\/div>\n\n\n\n<h2 class=\"wp-block-heading pripravujeme\">About the gallery<\/h2>\n\n\n\n<div class=\"wp-block-columns is-layout-flex wp-container-core-columns-is-layout-9d6595d7 wp-block-columns-is-layout-flex\">\n<div class=\"wp-block-column is-layout-flow wp-block-column-is-layout-flow\">\n\n\n<div class=\"ngg-galleryoverview ngg-slideshow\"\n\t id=\"ngg-slideshow-0c17dd19825e7e9f3dbcdcc52d5e4dd6-21414876770\"\n     data-gallery-id=\"0c17dd19825e7e9f3dbcdcc52d5e4dd6\"\n     style=\"max-width: 750px; max-height: 500px;\">\n\n \t<div id=\"ngg-image-0\" class=\"ngg-gallery-slideshow-image\" style=\"height:500px\">\n\n        <a href=\"https:\/\/www.artbrutpraha.cz\/wp-content\/gallery\/galerie-homepage\/Galerie-cela.jpg\"\n           title=\"foto Apolena Typltov\u00e1\"\n           data-src=\"https:\/\/www.artbrutpraha.cz\/wp-content\/gallery\/galerie-homepage\/Galerie-cela.jpg\"\n           data-thumbnail=\"https:\/\/www.artbrutpraha.cz\/wp-content\/gallery\/galerie-homepage\/thumbs\/thumbs_Galerie-cela.jpg\"\n           data-image-id=\"3\"\n           data-title=\"Galerie-cela\"\n           data-description=\"foto Apolena Typltov\u00e1\"\n           class=\"ngg-simplelightbox\" rel=\"0c17dd19825e7e9f3dbcdcc52d5e4dd6\">\n\n            <img data-image-id='3'\n                 title=\"foto Apolena Typltov\u00e1\"\n                 alt=\"Galerie-cela\"\n                 src=\"https:\/\/www.artbrutpraha.cz\/wp-content\/gallery\/galerie-homepage\/Galerie-cela.jpg\"\n                 style=\"max-height: 480px;\"\/>\n        <\/a>\n\n        <\/div> \n<div id=\"ngg-image-1\" class=\"ngg-gallery-slideshow-image\" style=\"height:500px\">\n\n        <a href=\"https:\/\/www.artbrutpraha.cz\/wp-content\/gallery\/galerie-homepage\/Instalace-2.jpg\"\n           title=\"foto Apolena Typltov\u00e1\"\n           data-src=\"https:\/\/www.artbrutpraha.cz\/wp-content\/gallery\/galerie-homepage\/Instalace-2.jpg\"\n           data-thumbnail=\"https:\/\/www.artbrutpraha.cz\/wp-content\/gallery\/galerie-homepage\/thumbs\/thumbs_Instalace-2.jpg\"\n           data-image-id=\"2\"\n           data-title=\"Instalace-2\"\n           data-description=\"foto Apolena Typltov\u00e1\"\n           class=\"ngg-simplelightbox\" rel=\"0c17dd19825e7e9f3dbcdcc52d5e4dd6\">\n\n            <img data-image-id='2'\n                 title=\"foto Apolena Typltov\u00e1\"\n                 alt=\"Instalace-2\"\n                 src=\"https:\/\/www.artbrutpraha.cz\/wp-content\/gallery\/galerie-homepage\/Instalace-2.jpg\"\n                 style=\"max-height: 480px;\"\/>\n        <\/a>\n\n        <\/div> \n<div id=\"ngg-image-2\" class=\"ngg-gallery-slideshow-image\" style=\"height:500px\">\n\n        <a href=\"https:\/\/www.artbrutpraha.cz\/wp-content\/gallery\/galerie-homepage\/Instalace.jpg\"\n           title=\"foto Apolena Typltov\u00e1\"\n           data-src=\"https:\/\/www.artbrutpraha.cz\/wp-content\/gallery\/galerie-homepage\/Instalace.jpg\"\n           data-thumbnail=\"https:\/\/www.artbrutpraha.cz\/wp-content\/gallery\/galerie-homepage\/thumbs\/thumbs_Instalace.jpg\"\n           data-image-id=\"1\"\n           data-title=\"Instalace\"\n           data-description=\"foto Apolena Typltov\u00e1\"\n           class=\"ngg-simplelightbox\" rel=\"0c17dd19825e7e9f3dbcdcc52d5e4dd6\">\n\n            <img data-image-id='1'\n                 title=\"foto Apolena Typltov\u00e1\"\n                 alt=\"Instalace\"\n                 src=\"https:\/\/www.artbrutpraha.cz\/wp-content\/gallery\/galerie-homepage\/Instalace.jpg\"\n                 style=\"max-height: 480px;\"\/>\n        <\/a>\n\n        <\/div> \n<\/div>\n\n\n\n\n<\/div>\n\n\n\n<div class=\"wp-block-column is-layout-flow wp-block-column-is-layout-flow\">\n<p class=\"pripravujeme\">We are opening the Art brut Prague Gallery as the first exhibition space in Prague focused exclusively on the work of artists who, for various reasons, are unable or unwilling to join the mainstream art scene.<\/p>\n\n\n\n<blockquote class=\"wp-block-quote is-layout-flow wp-block-quote-is-layout-flow\">\n<p><strong>&#8220;Here, things are raised proudly <br>and more stabbingly, <br>the world is full of edges <br>on which we have <br>hurt ourselves many times.&#8221;<\/strong><\/p>\n<\/blockquote>\n\n\n\n<p>The quote, taken from Josef \u010capek\u2019s groundbreaking book The Most Modest Art, will greet all visitors at the entrance as a foreshadowing of the type of work they will encounter here.<\/p>\n<\/div>\n<\/div>\n\n\n\n<p>To clearly define the gallery, the name was chosen after the painter Jean Dubuffet&#8217;s famous term art brut &#8211; usually translated in Czech as &#8220;art in its raw state&#8221;.<\/p>\n\n\n\n<p>But not all the artists the gallery will represent necessarily fall into the category of art brut as it is usually conceived. Some of them, for various reasons, become outsiders, not even classifiable in this field.<\/p>\n\n\n\n<p>The selection of the artists is basically conditioned by the absence of any conscious calculation in their work aimed at achieving success in the world of contemporary art.<\/p>\n\n\n\n<p>The gallery also wants to support its artists by making their works available for sale.<\/p>\n\n\n\n<div class=\"wp-block-columns pripravujeme is-layout-flex wp-container-core-columns-is-layout-9d6595d7 wp-block-columns-is-layout-flex\">\n<div class=\"wp-block-column ticss-50e07e54 is-layout-flow wp-block-column-is-layout-flow\">\n<h2 class=\"wp-block-heading\">Exhibitions<\/h2>\n\n\n\n<figure class=\"wp-block-image size-large\"><img loading=\"lazy\" decoding=\"async\" width=\"722\" height=\"1024\" src=\"https:\/\/www.artbrutpraha.cz\/wp-content\/uploads\/2026\/04\/plakat_inthonkaew_site-1-722x1024.png\" alt=\"\" class=\"wp-image-715\" srcset=\"https:\/\/www.artbrutpraha.cz\/wp-content\/uploads\/2026\/04\/plakat_inthonkaew_site-1-722x1024.png 722w, https:\/\/www.artbrutpraha.cz\/wp-content\/uploads\/2026\/04\/plakat_inthonkaew_site-1-212x300.png 212w, https:\/\/www.artbrutpraha.cz\/wp-content\/uploads\/2026\/04\/plakat_inthonkaew_site-1-768x1089.png 768w, https:\/\/www.artbrutpraha.cz\/wp-content\/uploads\/2026\/04\/plakat_inthonkaew_site-1.png 1072w\" sizes=\"auto, (max-width: 722px) 100vw, 722px\" \/><\/figure>\n\n\n\n<h3 class=\"wp-block-heading\"><strong>La Inthonkaew<\/strong><br>Lost in Nets<br>Zabloudit v s\u00edt\u00edch<br>2. 4.\u20132. 5. 2026<\/h3>\n\n\n\n<p><strong>Curator of the exhibition: Ond\u0159ej Sekanina<\/strong><\/p>\n\n\n\n<p><\/p>\n\n\n\n<p><\/p>\n<\/div>\n\n\n\n<div class=\"wp-block-column is-layout-flow wp-block-column-is-layout-flow\">\n<p><strong><br><\/strong><br><\/p>\n\n\n\n<p><br><\/p>\n<\/div>\n<\/div>\n\n\n\n<h3 class=\"wp-block-heading pripravujeme\">About the authors<\/h3>\n\n\n\n<p>The main circle of authors is formed by the persons who create in the Studio of Joyful Creation at Letn\u00e1: Dagmar Fil\u00edpkov\u00e1, \u0160\u00e1rka Hojakov\u00e1, Dominik Jirsa, Jarmila Jandov\u00e1, Marie Kohoutkov\u00e1, V\u00e1clav Kukl\u00edk, Marie K\u016fsov\u00e1, Lorenzo, Karel Pajma, Luk\u00e1\u0161 Pale\u010dek, Vojt\u011bch Proske, George Radoj\u010di\u010d, Iveta Horv\u00e1thov\u00e1 (Rimini Fil\u00ed), Ladislav Svoboda, Vojt\u011bch \u0160\u016fra will be presented here.<\/p>\n\n\n\n<p>However, internationally known names such as Anna Zem\u00e1nkov\u00e1 or Zden\u011bk Ko\u0161ek will also be represented. Other authors who have already gained attention include Hana Fouskov\u00e1, La Inthonkaew, Ota Prouza, Helena Skalick\u00e1 and Tom\u00e1\u0161 Krupka.<\/p>\n\n\n\n<h3 class=\"wp-block-heading pripravujeme\">Practical information<\/h3>\n\n\n\n<p class=\"pripravujeme\">The gallery will be open five afternoons a week, Tuesday to Saturday 2 &#8211; 7pm.<\/p>\n\n\n\n<p class=\"pripravujeme\"><a href=\"http:\/\/www.artbrutpraha.cz\">www.artbrutpraha.cz<\/a><br><a href=\"mailto:artbrut.praha@gmail.com\">artbrut.praha@gmail.com<\/a><br>+420 606 028 942 (during opening hours)<br>+420 602 646 665 (out of hours)<br>Postal address: Galerie Art brut Praha, Resslova 300\/6,<br>120 00 Praha 2 \u2013 Nov\u00e9 M\u011bsto.<\/p>\n\n\n\n<h3 class=\"wp-block-heading pripravujeme\">About the place and the founder<\/h3>\n\n\n\n<p>The gallery acquired its space after the renovation of a long unused technical building at St. Wenceslas Church in Zderaz.<\/p>\n\n\n\n<p>The operator is the Alt\u00e1n Art association, which has so far been active mainly in Letn\u00e1: in 2013 it opened the Studio of Joyful Creation here as the first Czech studio providing facilities for artists falling into the category of art brut, and in 2017 it opened up also to the wider public by establishing the ART Cultural and Community Centre, where senior citizens and people with disabilities develop their artistic interests together. Vladim\u00edr Dr\u00e1bek is the main representative of the association. More information on the website <a href=\"https:\/\/www.altanart.cz\" target=\"_blank\" rel=\"noreferrer noopener\">www.altanart.cz<\/a> .<\/p>\n\n\n\n<h3 class=\"wp-block-heading pripravujeme\">Curator<\/h3>\n\n\n\n<p>Jarom\u00edr Typlt (1973) is a poet, performer and essayist. During 2000-2010 he worked in Liberec as a curator of photography and contemporary art exhibitions at the Small Exhibition Hall and then at the U Ryt\u00ed\u0159e Gallery. Since the end of the 1990s he has also helped to promote the work of overlooked authors, publishing the first book on Zden\u011bk Ko\u0161ek (2001), literary texts by Hana Fouskov\u00e1, Franti\u0161ek Nov\u00e1k and many others. In 2018, he started cooperation with the association Alt\u00e1n Art. He has long focused on the topic of &#8220;\u00e9crits bruts&#8221; \u2013 written expressions in art brut.<\/p>\n\n\n\n<div class=\"wp-block-columns pripravujeme is-layout-flex wp-container-core-columns-is-layout-9d6595d7 wp-block-columns-is-layout-flex\">\n<div class=\"wp-block-column is-layout-flow wp-block-column-is-layout-flow\">\n<h3 class=\"wp-block-heading\">Gallery partners<\/h3>\n\n\n\n<p><a rel=\"noreferrer noopener\" href=\"https:\/\/www.altanart.cz\/\" target=\"_blank\">Studio of Joyful Creation at Letn\u00e1<\/a><br>Czechoslovak Hussite Church in Prague 2 \u2013 New Town<br><a href=\"https:\/\/www.kapitola.net\/\" target=\"_blank\" rel=\"noreferrer noopener\">Graphic studio chapter<\/a><br>abcd praha<\/p>\n<\/div>\n\n\n\n<div class=\"wp-block-column is-layout-flow wp-block-column-is-layout-flow\">\n<h3 class=\"wp-block-heading\">Media partners<\/h3>\n\n\n\n<p>Analogon<br>Revolver Revue<br>Souvislosti<\/p>\n<\/div>\n<\/div>\n\n\n\n<blockquote class=\"wp-block-quote is-layout-flow wp-block-quote-is-layout-flow\">\n<p><strong>I am convinced that a considerable circle of artists, those interested in art brut and the<br>professional public can form around the Art Brut Prague gallery in a very short time. The<br>project is a positive response not only to initiatives stemming from the vibrant undercurrent of<br>our spontaneous creativity, but also responds to calls from foreign cultural institutions to<br>strengthen the voice of outsider art, including by improving intercultural cooperation and<br>dialogue across European borders.<\/strong><\/p>\n<cite>Pavel Kone\u010dn\u00fd, art brut collector<\/cite><\/blockquote>\n<\/div>\n<\/div><\/div>\n","protected":false},"excerpt":{"rendered":"","protected":false},"author":1,"featured_media":0,"parent":0,"menu_order":0,"comment_status":"closed","ping_status":"closed","template":"","meta":{"neve_meta_sidebar":"","neve_meta_container":"","neve_meta_enable_content_width":"","neve_meta_content_width":0,"neve_meta_title_alignment":"","neve_meta_author_avatar":"","neve_post_elements_order":"","neve_meta_disable_header":"","neve_meta_disable_footer":"","neve_meta_disable_title":"","ngg_post_thumbnail":0,"_themeisle_gutenberg_block_has_review":false,"footnotes":""},"class_list":["post-101","page","type-page","status-publish","hentry"],"_links":{"self":[{"href":"https:\/\/www.artbrutpraha.cz\/index.php?rest_route=\/wp\/v2\/pages\/101","targetHints":{"allow":["GET"]}}],"collection":[{"href":"https:\/\/www.artbrutpraha.cz\/index.php?rest_route=\/wp\/v2\/pages"}],"about":[{"href":"https:\/\/www.artbrutpraha.cz\/index.php?rest_route=\/wp\/v2\/types\/page"}],"author":[{"embeddable":true,"href":"https:\/\/www.artbrutpraha.cz\/index.php?rest_route=\/wp\/v2\/users\/1"}],"replies":[{"embeddable":true,"href":"https:\/\/www.artbrutpraha.cz\/index.php?rest_route=%2Fwp%2Fv2%2Fcomments&post=101"}],"version-history":[{"count":49,"href":"https:\/\/www.artbrutpraha.cz\/index.php?rest_route=\/wp\/v2\/pages\/101\/revisions"}],"predecessor-version":[{"id":716,"href":"https:\/\/www.artbrutpraha.cz\/index.php?rest_route=\/wp\/v2\/pages\/101\/revisions\/716"}],"wp:attachment":[{"href":"https:\/\/www.artbrutpraha.cz\/index.php?rest_route=%2Fwp%2Fv2%2Fmedia&parent=101"}],"curies":[{"name":"wp","href":"https:\/\/api.w.org\/{rel}","templated":true}]}}